{"id":79,"date":"2013-12-29T21:15:09","date_gmt":"2013-12-29T19:15:09","guid":{"rendered":"http:\/\/109.163.208.140\/~tulkaaka\/wordpress\/?page_id=79"},"modified":"2019-10-03T23:51:15","modified_gmt":"2019-10-03T20:51:15","slug":"kontakt","status":"publish","type":"page","link":"https:\/\/tulkaakaikki.net\/sv\/kontakt\/","title":{"rendered":"Kontakt"},"content":{"rendered":"<h2>Aktionsgruppen f\u00f6r r\u00f6relsen Kom alla<\/h2>\n<p>Toimintaryhm\u00e4\u00e4n ja sen kokouksiin ovat l\u00e4mpim\u00e4sti tervetulleita kaikki liikkeen ohjelman allekirjoittajat,\u00a0tervetuloa! Kysy lis\u00e4\u00e4 Henrietalta:\u00a0<a href=\"&#x6d;&#x61;&#x69;&#108;&#116;o:&#x68;&#x65;&#x6e;&#114;&#105;et&#x74;&#x61;&#x2e;&#103;&#114;on&#x6c;&#x75;&#x6e;&#100;&#64;he&#x6c;&#x73;&#x69;&#110;&#107;i&#46;&#x66;&#x69;\" target=\"_blank\" rel=\"noopener noreferrer\">h&#101;&#x6e;&#x72;i&#101;&#x74;&#x74;a&#46;&#x67;&#x72;o&#110;&#x6c;&#x75;n&#100;&#x40;&#x68;e&#108;&#115;&#x69;&#x6e;k&#105;&#x2e;&#x66;i<\/a><\/p>\n<ul>\n<li><a href=\"ma&#105;&#108;&#116;&#x6f;&#x3a;&#x68;&#x65;&#x6e;ri&#101;&#116;&#116;&#x61;&#x2e;&#x67;&#x72;&#x6f;nl&#117;&#110;&#100;&#x40;&#x68;&#x65;&#x6c;&#x73;in&#107;&#105;&#46;&#x66;&#x69;\">Henrietta Gr\u00f6nlund<\/a> (toimintaryhm\u00e4n koordinointi)<\/li>\n<li><a href=\"m&#97;&#105;&#x6c;&#x74;o&#58;&#97;&#x6e;&#x74;&#x65;r&#111;&#46;&#x68;&#x65;la&#110;&#x74;&#x65;&#x72;a&#64;&#112;&#x68;&#x6e;et&#46;&#x66;&#x69;\">Antero Helanter\u00e4<\/a><\/li>\n<li><a href=\"ma&#105;&#108;&#116;&#x6f;&#x3a;&#x6a;&#x6f;rm&#97;&#46;&#104;&#x65;&#x6e;&#x74;&#x69;la&#64;&#103;&#109;&#x61;&#x69;&#x6c;&#x2e;co&#109;\">Jorma Hentil\u00e4<\/a><\/li>\n<li><a href=\"&#109;a&#105;l&#116;o&#x3a;v&#x65;s&#x61;&#46;&#x68;i&#x72;v&#x6f;n&#x65;n&#x40;h&#x65;l&#x73;&#105;&#x6e;&#107;&#x69;&#46;&#x66;&#105;\">Vesa Hirvonen<\/a> (liikkeen yleiskoordinointi)<\/li>\n<li><a href=\"m&#97;&#x69;&#x6c;&#x74;o&#58;&#104;&#x61;&#x6e;n&#97;&#46;&#x68;&#x6f;kk&#97;&#x40;&#x76;&#x69;h&#114;&#x65;&#x61;&#x74;&#46;&#102;&#105;\">Hanna Hokka<\/a><\/li>\n<li><a href=\"&#109;&#x61;&#105;&#x6c;&#116;&#x6f;&#58;&#x72;&#105;&#x6e;&#110;&#x61;m&#x61;a&#x40;g&#x6d;a&#x69;l&#x2e;c&#111;&#x6d;\">Riitta Innamaa<\/a><\/li>\n<li><a href=\"&#x6d;a&#x69;&#108;&#x74;&#x6f;:&#x6b;&#97;&#x74;&#x72;i&#x2e;&#107;&#x6f;&#x72;o&#x6c;&#97;&#x69;&#x6e;e&#x6e;&#64;&#x67;&#x6d;a&#x69;&#108;&#x2e;&#x63;o&#x6d;\">Katri Korolainen<\/a> (kirkolliskokousvastaava)<\/li>\n<li><a href=\"&#109;&#x61;i&#x6c;&#x74;&#111;&#x3a;t&#97;&#x70;&#108;&#x61;i&#116;&#x69;n&#x65;n&#64;&#x67;m&#x61;&#x69;&#108;&#x2e;c&#111;&#x6d;\">Markku Laitinen<\/a> (toimintaryhm\u00e4n sihteeri)<\/li>\n<li><a href=\"&#x6d;a&#x69;&#108;&#x74;&#111;:&#x6d;a&#x72;&#105;&#x2e;&#108;a&#x6d;&#109;&#x69;&#110;e&#x6e;&#64;&#x65;&#118;&#x6c;&#46;f&#x69;\">Mari Lamminen<\/a><\/li>\n<li><a href=\"&#109;&#x61;&#105;&#x6c;t&#x6f;:&#97;&#x72;&#116;&#x74;&#117;&#x2e;l&#x69;n&#100;&#x72;&#111;&#x74;h&#x40;h&#x65;&#x6c;&#115;&#x69;&#110;&#x6b;i&#x2e;f&#105;\">Arttu Lindroth<\/a> (nettisivujen yll\u00e4pito)<\/li>\n<li><a href=\"ma&#105;&#108;&#116;&#111;&#x3a;&#x61;&#x72;&#x6a;&#x61;&#46;m&#97;&#106;&#117;&#114;&#x69;&#x40;&#x65;&#x76;&#x6c;&#46;f&#105;\">Arja Majuri<\/a><\/li>\n<li><a href=\"&#x6d;&#x61;&#105;&#108;to&#x3a;&#x6d;&#x61;&#120;&#46;m&#x61;&#x6e;&#x6e;&#111;&#108;a&#x40;&#x67;&#x6d;&#97;&#105;l&#x2e;&#x63;&#x6f;&#109;\">Max Mannola<\/a> (ruotsinkielisten yhdyshenkil\u00f6)<\/li>\n<li><a href=\"m&#97;&#x69;&#x6c;t&#111;&#x3a;&#x70;a&#117;&#x6c;&#x69;r&#97;&#x6e;&#x74;a&#110;&#x65;&#x6e;5&#53;&#64;&#x67;&#x6d;a&#105;&#x6c;&#x2e;c&#111;&#x6d;\">Pauli Rantanen<\/a><\/li>\n<li><a href=\"mailto:ilari&#46;&#114;&#97;&#110;&#116;&#97;&#107;&#97;&#114;&#105;&#64;&#103;&#109;&#97;&#105;&#x6c;&#x2e;&#x63;&#x6f;&#x6d;\">Ilari Rantakari<\/a><\/li>\n<li><a href=\"m&#97;&#105;&#x6c;&#x74;o:&#114;&#111;&#x6d;&#x61;nl&#97;&#103;&#x40;&#x6d;ap&#112;&#x69;&#x2e;&#x68;e&#108;&#115;&#x69;&#x6e;&#x6b;i&#46;&#102;&#x69;\">Sari Roman-Lagerspetz<\/a><\/li>\n<li><a href=\"&#109;&#x61;i&#108;&#x74;&#111;&#x3a;a&#110;&#x6e;a&#x6d;&#x61;&#114;&#x69;a&#46;&#x73;o&#x69;&#x6e;&#105;&#x6e;v&#97;&#x61;&#114;&#x61;&#64;&#103;&#x6d;a&#105;&#x6c;&#46;&#x63;o&#109;\">Anna-Maria Soininvaara<\/a><\/li>\n<li><a href=\"m&#97;&#x69;&#x6c;t&#111;&#x3a;&#x73;a&#109;&#105;&#x2e;&#x70;&#46;&#115;&#x75;&#x68;o&#110;&#x65;&#x6e;&#64;&#103;&#109;&#x61;&#x69;l&#46;&#x63;&#x6f;m\">Sami Suhonen<\/a><\/li>\n<li><a href=\"&#x6d;a&#x69;&#108;&#x74;&#111;:&#x77;&#101;&#x75;&#114;o&#x40;&#105;&#x6b;&#105;&#46;&#x66;i\">Jaakko Weuro<\/a> (kirkolliskokous- ja hiippakuntavaltuustovastaava)<\/li>\n<li><a href=\"&#x6d;&#x61;&#105;&#108;to&#x3a;&#x72;&#x61;&#115;mu&#x73;&#x2e;&#x74;&#105;&#108;l&#x61;&#x6e;&#x64;&#101;&#114;&#64;&#x68;&#x65;&#x6c;&#115;&#105;nk&#x69;&#x2e;&#x66;&#105;\">Rasmus Tillander<\/a><\/li>\n<\/ul>\n<h3><a href=\"https:\/\/tulkaakaikki.net\/vaalit-2018\/alueelliset-yhteyshenkilot\/\">Alueelliset yhteyshenkil\u00f6t &#8211;&gt;<\/a><\/h3>\n<h3><a href=\"https:\/\/tulkaakaikki.net\/hiippakunnalliset-vaalivalmistelijat\/\" target=\"_blank\" rel=\"noopener noreferrer\">Kirkolliskokous- ja hiippakuntavaltuustovaalit 2020: Hiippakunnalliset vaalivalmistelijat &#8211;&gt;<\/a><\/h3>\n<h5><strong>Tietosuojak\u00e4yt\u00e4nteet<\/strong><\/h5>\n<p>T\u00e4lle verkkosivustolle on koostettu henkil\u00f6tietoja p\u00e4\u00e4asiassa yhteydenpidon helpottamista varten. <a href=\"https:\/\/tulkaakaikki.net\/ohjelma\/allekirjoita-ohjelma\/rekisteriseloste\/\" target=\"_blank\" rel=\"noopener noreferrer\">Lue lis\u00e4\u00e4 tietosuojastamme<\/a><\/p>\n","protected":false},"excerpt":{"rendered":"<p>Aktionsgruppen f\u00f6r r\u00f6relsen Kom alla Toimintaryhm\u00e4\u00e4n ja sen kokouksiin ovat l\u00e4mpim\u00e4sti tervetulleita kaikki liikkeen ohjelman allekirjoittajat,\u00a0tervetuloa! Kysy lis\u00e4\u00e4 Henrietalta:\u00a0&#104;&#x65;&#x6e;&#114;&#x69;&#x65;t&#x74;&#x61;&#46;&#103;&#x72;o&#110;&#x6c;u&#110;&#x64;&#64;&#104;&#x65;l&#115;&#x69;&#x6e;&#107;&#x69;&#x2e;&#102;&#x69; Henrietta Gr\u00f6nlund (toimintaryhm\u00e4n koordinointi) Antero Helanter\u00e4 Jorma Hentil\u00e4 Vesa Hirvonen (liikkeen yleiskoordinointi) Hanna Hokka Riitta Innamaa Katri Korolainen (kirkolliskokousvastaava) Markku Laitinen (toimintaryhm\u00e4n sihteeri) Mari Lamminen Arttu Lindroth (nettisivujen yll\u00e4pito) Arja Majuri Max Mannola (ruotsinkielisten yhdyshenkil\u00f6) Pauli [&hellip;]<\/p>\n","protected":false},"author":5,"featured_media":0,"parent":0,"menu_order":6,"comment_status":"closed","ping_status":"closed","template":"","meta":{"site-sidebar-layout":"default","site-content-layout":"default","ast-site-content-layout":"default","site-content-style":"default","site-sidebar-style":"default","ast-global-header-display":"","ast-banner-title-visibility":"","ast-main-header-display":"","ast-hfb-above-header-display":"","ast-hfb-below-header-display":"","ast-hfb-mobile-header-display":"","site-post-title":"","ast-breadcrumbs-content":"","ast-featured-img":"","footer-sml-layout":"","ast-disable-related-posts":"","theme-transparent-header-meta":"default","adv-header-id-meta":"","stick-header-meta":"","header-above-stick-meta":"","header-main-stick-meta":"","header-below-stick-meta":"","astra-migrate-meta-layouts":"default","ast-page-background-enabled":"default","ast-page-background-meta":{"desktop":{"background-color":"","background-image":"","background-repeat":"repeat","background-position":"center center","background-size":"auto","background-attachment":"scroll","background-type":"","background-media":"","overlay-type":"","overlay-color":"","overlay-opacity":"","overlay-gradient":""},"tablet":{"background-color":"","background-image":"","background-repeat":"repeat","background-position":"center center","background-size":"auto","background-attachment":"scroll","background-type":"","background-media":"","overlay-type":"","overlay-color":"","overlay-opacity":"","overlay-gradient":""},"mobile":{"background-color":"","background-image":"","background-repeat":"repeat","background-position":"center center","background-size":"auto","background-attachment":"scroll","background-type":"","background-media":"","overlay-type":"","overlay-color":"","overlay-opacity":"","overlay-gradient":""}},"ast-content-background-meta":{"desktop":{"background-color":"var(--ast-global-color-5)","background-image":"","background-repeat":"repeat","background-position":"center center","background-size":"auto","background-attachment":"scroll","background-type":"","background-media":"","overlay-type":"","overlay-color":"","overlay-opacity":"","overlay-gradient":""},"tablet":{"background-color":"var(--ast-global-color-5)","background-image":"","background-repeat":"repeat","background-position":"center center","background-size":"auto","background-attachment":"scroll","background-type":"","background-media":"","overlay-type":"","overlay-color":"","overlay-opacity":"","overlay-gradient":""},"mobile":{"background-color":"var(--ast-global-color-5)","background-image":"","background-repeat":"repeat","background-position":"center center","background-size":"auto","background-attachment":"scroll","background-type":"","background-media":"","overlay-type":"","overlay-color":"","overlay-opacity":"","overlay-gradient":""}},"footnotes":""},"class_list":["post-79","page","type-page","status-publish","hentry"],"_links":{"self":[{"href":"https:\/\/tulkaakaikki.net\/sv\/wp-json\/wp\/v2\/pages\/79","targetHints":{"allow":["GET"]}}],"collection":[{"href":"https:\/\/tulkaakaikki.net\/sv\/wp-json\/wp\/v2\/pages"}],"about":[{"href":"https:\/\/tulkaakaikki.net\/sv\/wp-json\/wp\/v2\/types\/page"}],"author":[{"embeddable":true,"href":"https:\/\/tulkaakaikki.net\/sv\/wp-json\/wp\/v2\/users\/5"}],"replies":[{"embeddable":true,"href":"https:\/\/tulkaakaikki.net\/sv\/wp-json\/wp\/v2\/comments?post=79"}],"version-history":[{"count":32,"href":"https:\/\/tulkaakaikki.net\/sv\/wp-json\/wp\/v2\/pages\/79\/revisions"}],"predecessor-version":[{"id":6931,"href":"https:\/\/tulkaakaikki.net\/sv\/wp-json\/wp\/v2\/pages\/79\/revisions\/6931"}],"wp:attachment":[{"href":"https:\/\/tulkaakaikki.net\/sv\/wp-json\/wp\/v2\/media?parent=79"}],"curies":[{"name":"wp","href":"https:\/\/api.w.org\/{rel}","templated":true}]}}