{"id":64,"date":"2013-12-29T17:39:25","date_gmt":"2013-12-29T15:39:25","guid":{"rendered":"http:\/\/109.163.208.140\/~tulkaaka\/wordpress\/?page_id=64"},"modified":"2018-05-25T18:15:13","modified_gmt":"2018-05-25T15:15:13","slug":"program","status":"publish","type":"page","link":"https:\/\/tulkaakaikki.net\/sv\/program\/","title":{"rendered":"Program"},"content":{"rendered":"<p>Kristi kyrka \u00e4r \u00f6ppen f\u00f6r alla. Men vi kristna har st\u00e4llt upp hinder f\u00f6r evangeliet. F\u00f6r det m\u00e5ste vi g\u00f6ra b\u00e4ttring.<\/p>\n<p>Tidsbundna m\u00e4nniskosyner, v\u00e4rldsbilder och levnadsregler h\u00f6r inte till trons grundsanningar. Kyrkan har alltid varit tvungen att ompr\u00f6va dem. Jesus sj\u00e4lv tog avst\u00e5nd fr\u00e5n f\u00e4dernas regler. Luther avskaffade celibatet f\u00f6r pr\u00e4ster. Det beh\u00f6vs ompr\u00f6vningar ocks\u00e5 i v\u00e5r tid.<\/p>\n<p>Inte heller kyrkans verksamhetsstrukturer h\u00f6r till trons grundsanningar. Ett beslutsfattande utan insyn leder till d\u00e5liga l\u00f6sningar. \u00d6ppen v\u00e4xelverkan ger kyrkans medlemmar m\u00f6jlighet att delta i gemensamma beslut.<\/p>\n<p>Vi beh\u00f6ver f\u00f6rdomsfria nysatsningar. Vi m\u00e5ste skapa f\u00f6rtroende och f\u00f6rsoning mellan kyrkliga grupper som t\u00e4nker olika. Vi m\u00e5ste aktivt st\u00f6da \u00e4rliga samtal i kyrkan. Vi m\u00e5ste v\u00e5ga bryta kulisserna av framg\u00e5ng och f\u00f6red\u00f6mlighet. Vi m\u00e5ste tillsammans s\u00f6ka metoder att dela det materiella goda med andra.<\/p>\n<p>Det \u00e4r speciellt viktigt att kyrkans gemenskap \u00e4r \u00f6ppen f\u00f6r dem som k\u00e4nner sig beh\u00f6va kyrkan men av besvikelse redan har l\u00e4mnat den. Det r\u00e4cker inte med en uppgiven uppeh\u00e5llande strid mot att f\u00f6rlora medlemmar. Kyrkan m\u00e5ste aktivt k\u00e4mpa f\u00f6r att f\u00e5 tillbaka ocks\u00e5 dem som redan har uttr\u00e4tt. Kyrkan kan f\u00f6r\u00e4ndras, d\u00e5 vi f\u00f6r\u00e4ndras.<\/p>\n<p>Vi som l\u00e4ngtar efter f\u00f6rnyelse kan f\u00f6rena v\u00e5ra krafter och ta ett st\u00f6rre ansvar \u00e4n tidigare f\u00f6r v\u00e5r kyrka. Vi bjuder in alla som omfattar v\u00e5rt f\u00f6rnyelseprogram \u00f6ver v\u00e4ckelser\u00f6relse-, parti- och andra gr\u00e4nser. Vi hoppas att f\u00f6rnyelser\u00f6relsen skall st\u00e4rka v\u00e5rt engagemang i kyrkan och dess arbete.<\/p>\n<p>S\u00e5 kan vi bereda v\u00e4g f\u00f6r Kristus:<\/p>\n<ul>\n<li>Samtal och beslutsfattande i kyrkan b\u00f6r vara \u00f6ppna.<\/li>\n<li>Kyrkan b\u00f6r v\u00e4xa till en gemenskap av k\u00e4rlek och r\u00e4ttvisa:\n<ul>\n<li>Diskrimineringen av kvinnliga pr\u00e4ster b\u00f6r upph\u00f6ra i alla f\u00f6rsamlingar.<\/li>\n<li>De som h\u00f6r till k\u00f6ns- och sexuella minoriteter b\u00f6r utan villkor h\u00e4lsas v\u00e4lkomna som medlemmar och anst\u00e4llda i f\u00f6rsamlingarna.<\/li>\n<li>Man b\u00f6r respektera de l\u00f6sningar i livet som har gjorts av fr\u00e5nskilda, samboende och ensamst\u00e5ende.<\/li>\n<\/ul>\n<\/li>\n<li>Vi b\u00f6r i samarbete dela v\u00e5rt materiella goda med de fattiga i v\u00e5rt eget land och i hela v\u00e4rlden.<\/li>\n<li>Vi b\u00f6r verka f\u00f6r f\u00f6rtroende och f\u00f6rsoning mellan kyrkliga grupperingar som t\u00e4nker olika.<\/li>\n<\/ul>\n<p>V\u00e5rt motto: <strong>Kristi kyrka \u00e4r till f\u00f6r alla.<\/strong><\/p>\n<p><b>\u00a0<\/b><\/p>\n","protected":false},"excerpt":{"rendered":"<p>Kristi kyrka \u00e4r \u00f6ppen f\u00f6r alla. Men vi kristna har st\u00e4llt upp hinder f\u00f6r evangeliet. F\u00f6r det m\u00e5ste vi g\u00f6ra b\u00e4ttring. Tidsbundna m\u00e4nniskosyner, v\u00e4rldsbilder och levnadsregler h\u00f6r inte till trons grundsanningar. Kyrkan har alltid varit tvungen att ompr\u00f6va dem. Jesus sj\u00e4lv tog avst\u00e5nd fr\u00e5n f\u00e4dernas regler. Luther avskaffade celibatet f\u00f6r pr\u00e4ster. Det beh\u00f6vs ompr\u00f6vningar ocks\u00e5 [&hellip;]<\/p>\n","protected":false},"author":5,"featured_media":0,"parent":0,"menu_order":2,"comment_status":"closed","ping_status":"closed","template":"","meta":{"site-sidebar-layout":"default","site-content-layout":"default","ast-site-content-layout":"default","site-content-style":"default","site-sidebar-style":"default","ast-global-header-display":"","ast-banner-title-visibility":"","ast-main-header-display":"","ast-hfb-above-header-display":"","ast-hfb-below-header-display":"","ast-hfb-mobile-header-display":"","site-post-title":"","ast-breadcrumbs-content":"","ast-featured-img":"","footer-sml-layout":"","ast-disable-related-posts":"","theme-transparent-header-meta":"default","adv-header-id-meta":"","stick-header-meta":"","header-above-stick-meta":"","header-main-stick-meta":"","header-below-stick-meta":"","astra-migrate-meta-layouts":"default","ast-page-background-enabled":"default","ast-page-background-meta":{"desktop":{"background-color":"","background-image":"","background-repeat":"repeat","background-position":"center center","background-size":"auto","background-attachment":"scroll","background-type":"","background-media":"","overlay-type":"","overlay-color":"","overlay-opacity":"","overlay-gradient":""},"tablet":{"background-color":"","background-image":"","background-repeat":"repeat","background-position":"center center","background-size":"auto","background-attachment":"scroll","background-type":"","background-media":"","overlay-type":"","overlay-color":"","overlay-opacity":"","overlay-gradient":""},"mobile":{"background-color":"","background-image":"","background-repeat":"repeat","background-position":"center center","background-size":"auto","background-attachment":"scroll","background-type":"","background-media":"","overlay-type":"","overlay-color":"","overlay-opacity":"","overlay-gradient":""}},"ast-content-background-meta":{"desktop":{"background-color":"var(--ast-global-color-5)","background-image":"","background-repeat":"repeat","background-position":"center center","background-size":"auto","background-attachment":"scroll","background-type":"","background-media":"","overlay-type":"","overlay-color":"","overlay-opacity":"","overlay-gradient":""},"tablet":{"background-color":"var(--ast-global-color-5)","background-image":"","background-repeat":"repeat","background-position":"center center","background-size":"auto","background-attachment":"scroll","background-type":"","background-media":"","overlay-type":"","overlay-color":"","overlay-opacity":"","overlay-gradient":""},"mobile":{"background-color":"var(--ast-global-color-5)","background-image":"","background-repeat":"repeat","background-position":"center center","background-size":"auto","background-attachment":"scroll","background-type":"","background-media":"","overlay-type":"","overlay-color":"","overlay-opacity":"","overlay-gradient":""}},"footnotes":""},"class_list":["post-64","page","type-page","status-publish","hentry"],"_links":{"self":[{"href":"https:\/\/tulkaakaikki.net\/sv\/wp-json\/wp\/v2\/pages\/64","targetHints":{"allow":["GET"]}}],"collection":[{"href":"https:\/\/tulkaakaikki.net\/sv\/wp-json\/wp\/v2\/pages"}],"about":[{"href":"https:\/\/tulkaakaikki.net\/sv\/wp-json\/wp\/v2\/types\/page"}],"author":[{"embeddable":true,"href":"https:\/\/tulkaakaikki.net\/sv\/wp-json\/wp\/v2\/users\/5"}],"replies":[{"embeddable":true,"href":"https:\/\/tulkaakaikki.net\/sv\/wp-json\/wp\/v2\/comments?post=64"}],"version-history":[{"count":4,"href":"https:\/\/tulkaakaikki.net\/sv\/wp-json\/wp\/v2\/pages\/64\/revisions"}],"predecessor-version":[{"id":722,"href":"https:\/\/tulkaakaikki.net\/sv\/wp-json\/wp\/v2\/pages\/64\/revisions\/722"}],"wp:attachment":[{"href":"https:\/\/tulkaakaikki.net\/sv\/wp-json\/wp\/v2\/media?parent=64"}],"curies":[{"name":"wp","href":"https:\/\/api.w.org\/{rel}","templated":true}]}}