{"id":5196,"date":"2018-05-25T23:08:51","date_gmt":"2018-05-25T20:08:51","guid":{"rendered":"https:\/\/tulkaakaikki.net\/?page_id=5196"},"modified":"2018-05-25T23:08:51","modified_gmt":"2018-05-25T20:08:51","slug":"tulkaa-kaikki-liikkeen-seurakuntavaaliohjelma-2018","status":"publish","type":"page","link":"https:\/\/tulkaakaikki.net\/sv\/paverka-i-forsamlingen\/tulkaa-kaikki-liikkeen-seurakuntavaaliohjelma-2018\/","title":{"rendered":"Program f\u00f6r r\u00f6relsen Kom alla i f\u00f6rsamlingsvalet 2018"},"content":{"rendered":"<h3>1. \u00c4ktenskap f\u00f6r alla<\/h3>\n<ul>\n<li>Samk\u00f6nade par skall vigas i alla f\u00f6rsamlingar<\/li>\n<li>F\u00f6rb\u00f6n f\u00f6r alla par skall h\u00e5llas i gudstj\u00e4nsten<\/li>\n<li>Kyrkorna skall st\u00e5 i bruk f\u00f6r alla par<\/li>\n<li>Vi st\u00f6der pr\u00e4ster som viger samk\u00f6nade par<\/li>\n<li>Vi \u00e4r med i kampanjen #jaikyrkan<\/li>\n<\/ul>\n<h3>2. Nej till k\u00f6nsdiskriminering<\/h3>\n<ul>\n<li>Det b\u00f6r aktivt vidtas \u00e5tg\u00e4rder mot k\u00f6nsdiskriminering i kyrkan<\/li>\n<li>Man b\u00f6r erk\u00e4nna och g\u00f6ra slut p\u00e5 den indirekta marginaliseringen av kvinnliga pr\u00e4ster<\/li>\n<\/ul>\n<h3>3. Kyrkan skall styras av medlemmarna<\/h3>\n<ul>\n<li>Kyrkans beh\u00f6ver aktiva medlemmar<\/li>\n<li>Medlemsdemokrati uppmuntrar till aktivitet<\/li>\n<li>Medlemmarna f\u00e5r st\u00f6d att delta i beslutsfattandet<\/li>\n<li>Beslutsfattandet skall vara \u00f6ppet och genomskinligt<\/li>\n<\/ul>\n<h3>4. Vi delar med oss av v\u00e5rt eget<\/h3>\n<ul>\n<li>Tid, pengar, grannskap, partnerskap<\/li>\n<li>I v\u00e5rt eget land och \u00f6verallt i v\u00e4rlden<\/li>\n<\/ul>\n<h3>5. F\u00f6rtroende och f\u00f6rsoning i kyrkan<\/h3>\n<ul>\n<li>Trots alla sv\u00e5righeter<\/li>\n<li>Fr\u00e5n hatspr\u00e5k till att lyssna och tala v\u00e4l om varandra<\/li>\n<li>Kyrkan skall vara gemensam f\u00f6r alla<\/li>\n<\/ul>\n<p>&nbsp;<\/p>\n<p>&nbsp;<\/p>\n<p>&nbsp;<\/p>\n","protected":false},"excerpt":{"rendered":"<p>1. \u00c4ktenskap f\u00f6r alla Samk\u00f6nade par skall vigas i alla f\u00f6rsamlingar F\u00f6rb\u00f6n f\u00f6r alla par skall h\u00e5llas i gudstj\u00e4nsten Kyrkorna skall st\u00e5 i bruk f\u00f6r alla par Vi st\u00f6der pr\u00e4ster som viger samk\u00f6nade par Vi \u00e4r med i kampanjen #jaikyrkan 2. Nej till k\u00f6nsdiskriminering Det b\u00f6r aktivt vidtas \u00e5tg\u00e4rder mot k\u00f6nsdiskriminering i kyrkan Man b\u00f6r [&hellip;]<\/p>\n","protected":false},"author":5,"featured_media":0,"parent":136,"menu_order":0,"comment_status":"closed","ping_status":"closed","template":"","meta":{"site-sidebar-layout":"default","site-content-layout":"","ast-site-content-layout":"default","site-content-style":"default","site-sidebar-style":"default","ast-global-header-display":"","ast-banner-title-visibility":"","ast-main-header-display":"","ast-hfb-above-header-display":"","ast-hfb-below-header-display":"","ast-hfb-mobile-header-display":"","site-post-title":"","ast-breadcrumbs-content":"","ast-featured-img":"","footer-sml-layout":"","ast-disable-related-posts":"","theme-transparent-header-meta":"","adv-header-id-meta":"","stick-header-meta":"","header-above-stick-meta":"","header-main-stick-meta":"","header-below-stick-meta":"","astra-migrate-meta-layouts":"default","ast-page-background-enabled":"default","ast-page-background-meta":{"desktop":{"background-color":"","background-image":"","background-repeat":"repeat","background-position":"center center","background-size":"auto","background-attachment":"scroll","background-type":"","background-media":"","overlay-type":"","overlay-color":"","overlay-opacity":"","overlay-gradient":""},"tablet":{"background-color":"","background-image":"","background-repeat":"repeat","background-position":"center center","background-size":"auto","background-attachment":"scroll","background-type":"","background-media":"","overlay-type":"","overlay-color":"","overlay-opacity":"","overlay-gradient":""},"mobile":{"background-color":"","background-image":"","background-repeat":"repeat","background-position":"center center","background-size":"auto","background-attachment":"scroll","background-type":"","background-media":"","overlay-type":"","overlay-color":"","overlay-opacity":"","overlay-gradient":""}},"ast-content-background-meta":{"desktop":{"background-color":"var(--ast-global-color-5)","background-image":"","background-repeat":"repeat","background-position":"center center","background-size":"auto","background-attachment":"scroll","background-type":"","background-media":"","overlay-type":"","overlay-color":"","overlay-opacity":"","overlay-gradient":""},"tablet":{"background-color":"var(--ast-global-color-5)","background-image":"","background-repeat":"repeat","background-position":"center center","background-size":"auto","background-attachment":"scroll","background-type":"","background-media":"","overlay-type":"","overlay-color":"","overlay-opacity":"","overlay-gradient":""},"mobile":{"background-color":"var(--ast-global-color-5)","background-image":"","background-repeat":"repeat","background-position":"center center","background-size":"auto","background-attachment":"scroll","background-type":"","background-media":"","overlay-type":"","overlay-color":"","overlay-opacity":"","overlay-gradient":""}},"footnotes":""},"class_list":["post-5196","page","type-page","status-publish","hentry"],"_links":{"self":[{"href":"https:\/\/tulkaakaikki.net\/sv\/wp-json\/wp\/v2\/pages\/5196","targetHints":{"allow":["GET"]}}],"collection":[{"href":"https:\/\/tulkaakaikki.net\/sv\/wp-json\/wp\/v2\/pages"}],"about":[{"href":"https:\/\/tulkaakaikki.net\/sv\/wp-json\/wp\/v2\/types\/page"}],"author":[{"embeddable":true,"href":"https:\/\/tulkaakaikki.net\/sv\/wp-json\/wp\/v2\/users\/5"}],"replies":[{"embeddable":true,"href":"https:\/\/tulkaakaikki.net\/sv\/wp-json\/wp\/v2\/comments?post=5196"}],"version-history":[{"count":3,"href":"https:\/\/tulkaakaikki.net\/sv\/wp-json\/wp\/v2\/pages\/5196\/revisions"}],"predecessor-version":[{"id":5199,"href":"https:\/\/tulkaakaikki.net\/sv\/wp-json\/wp\/v2\/pages\/5196\/revisions\/5199"}],"up":[{"embeddable":true,"href":"https:\/\/tulkaakaikki.net\/sv\/wp-json\/wp\/v2\/pages\/136"}],"wp:attachment":[{"href":"https:\/\/tulkaakaikki.net\/sv\/wp-json\/wp\/v2\/media?parent=5196"}],"curies":[{"name":"wp","href":"https:\/\/api.w.org\/{rel}","templated":true}]}}