{"id":3807,"date":"2015-09-14T16:22:44","date_gmt":"2015-09-14T13:22:44","guid":{"rendered":"https:\/\/tulkaakaikki.net\/?page_id=3807"},"modified":"2016-02-14T09:35:55","modified_gmt":"2016-02-14T07:35:55","slug":"kyrkomotesval-2016","status":"publish","type":"page","link":"https:\/\/tulkaakaikki.net\/sv\/kyrkomotesval-2016\/","title":{"rendered":"Kyrkom\u00f6tesval 2016"},"content":{"rendered":"<p>I de stift d\u00e4r Kom alla inte har egna listor g\u00f6r vi reklam f\u00f6r reformv\u00e4nliga kandidater p\u00e5 andra listor. I detta val bedriver vi n\u00e4ra samarbete med n\u00e4tverket F\u00f6r\u00e4ndringens vind, som har bildats i kyrkom\u00f6tet.\u00a0 L\u00e5t oss samla v\u00e5ra krafter i arbetet f\u00f6r kandidater som vill verka f\u00f6r f\u00f6rnyelse! Valet f\u00f6rr\u00e4ttas av de f\u00f6rtroendevalda i f\u00f6rsamlingarna och pr\u00e4sterna. Uppmuntra dem att r\u00f6sta p\u00e5 f\u00f6rnyelsev\u00e4nliga kandidater!<\/p>\n<p>Kandidaterna \u00e4r ocks\u00e5 v\u00e4lkomna att presentera sig f\u00f6r v\u00e4ljarna (p\u00e5 finska) genom att skriva en Kom alla-blogg i webbtidningen Kotimaa24. Liisa Kuparinen,\u00a0<a href=\"m&#97;&#x69;&#x6c;&#x74;o&#58;&#108;&#x69;&#x69;s&#97;&#64;&#x6c;&#x69;is&#97;&#x6b;&#x75;&#x70;a&#114;&#x69;&#x6e;&#x65;n&#46;&#102;&#x69;\">&#x6c;&#x69;&#x69;&#x73;&#x61;&#x40;&#x6c;&#x69;&#105;&#115;&#97;&#107;&#117;&#112;&#97;rine&#x6e;&#x2e;&#x66;&#x69;<\/a>\u00a0fungerar som koordinator f\u00f6r bloggen. S\u00e4nd texter till Liisa.<\/p>\n<h3>Valvaka i Helsingfors 10.2.2016<\/h3>\n<p>Vi h\u00e5ller valvaka i Helsingfors 10.2.2016 kl 17 p\u00e5 hotell Arthur, Berggatan 19. Den \u00e4r som vanligt \u00f6ppen f\u00f6r f\u00f6retr\u00e4dare f\u00f6r olika listor. Varmt v\u00e4lkommen!<\/p>\n<p>Information om valet finns ocks\u00e5 p\u00e5 <a href=\"http:\/\/sakasti.evl.fi\/sacrista.nsf\/sp3?open&amp;cid=Content25BB99\" target=\"_blank\">kyrkans gemensamma valsidor<\/a>.<\/p>\n<h2>Kandidater i Borg\u00e5 stift<\/h2>\n<p><span lang=\"sv-SE\"><u>Kyrkom\u00f6tet\u00a0<\/u><\/span><\/p>\n<p><a href=\"http:\/\/ehdokasgalleria.evl.fi\/ehdokasgalleria2016\/galleria\/kkv?emer%5Bpn%5D=mia+aitokari&amp;emer%5Bpx7%5D=1&amp;emer%5Bpd%5D=5&amp;emer%5Bpr%5D=&amp;emer%5Bpp%5D=&amp;emer%5Bpg%5D=&amp;emer%5Bpar%5D=18_99&amp;emer%5Bpk%5D=a_asc&amp;emp=pd-5.px7-1#642\"><span lang=\"sv-SE\">Mia Aitokari, F\u00f6r folkkyrkan, lekman<\/span><\/a><br \/>\n<span lang=\"sv-SE\"><a href=\"http:\/\/ehdokasgalleria.evl.fi\/ehdokasgalleria2016\/galleria\/kkv?emer%5Bpn%5D=lars+lundsten&amp;emer%5Bpx7%5D=&amp;emer%5Bpd%5D=&amp;emer%5Bpr%5D=&amp;emer%5Bpp%5D=&amp;emer%5Bpg%5D=&amp;emer%5Bpar%5D=18_99&amp;emer%5Bpk%5D=a_asc&amp;emp=pn-mia+aitokari#654\">Lars Lundsten, F\u00f6r folkkyrkan, lekman<br \/>\n<\/a><\/span><span style=\"color: #ff00ff;\"><a style=\"color: #ff00ff;\" href=\"http:\/\/ehdokasgalleria.evl.fi\/ehdokasgalleria2016\/galleria\/kkv?emer[pn]=%C3%A5sa+a+westerlund&amp;emer[px7]=&amp;emer[pd]=&amp;emer[pr]=&amp;emer[pp]=&amp;emer[pg]=&amp;emer[par]=18_99&amp;emer[pk]=a_asc&amp;emp=pn-lars+lundsten#660\">\u00c5sa A Westerlund, F\u00f6r folkkyrkan, lekman<\/a>, invald<\/span><\/p>\n<p><span style=\"text-decoration: underline;\">Stiftsfullm\u00e4ktige<\/span><\/p>\n<p><span lang=\"sv-SE\"><span style=\"color: #ff00ff;\"><a style=\"color: #ff00ff;\" href=\"http:\/\/ehdokasgalleria.evl.fi\/ehdokasgalleria2016\/galleria\/hkv?emer%5Bpn%5D=janette+lagerroos&amp;emer%5Bpx7%5D=&amp;emer%5Bpd%5D=5&amp;emer%5Bpr%5D=&amp;emer%5Bpp%5D=62&amp;emer%5Bpg%5D=&amp;emer%5Bpar%5D=18_99&amp;emer%5Bpk%5D=a_asc&amp;emp=po-asc.pk-a.pr-.pg-.pp-62.pd-5.pn-.px7-#650\">Janette Lagerroos, F\u00f6r folkkyrkan, lekman,<\/a>\u00a0invald<\/span><br \/>\n<\/span><span lang=\"sv-SE\" style=\"color: #ff00ff;\"><a style=\"color: #ff00ff;\" href=\"http:\/\/ehdokasgalleria.evl.fi\/ehdokasgalleria2016\/galleria\/hkv?emer%5Bpn%5D=susanne+bj%C3%B6rkman&amp;emer%5Bpx7%5D=&amp;emer%5Bpd%5D=&amp;emer%5Bpr%5D=&amp;emer%5Bpp%5D=&amp;emer%5Bpg%5D=&amp;emer%5Bpar%5D=18_99&amp;emer%5Bpk%5D=a_asc&amp;emp=pn-janette+lagerroos#643\">Susanne Bj\u00f6rkman, F\u00f6r folkkyrkan, lekman<\/a>, ivald<\/span><br \/>\n<span lang=\"sv-SE\" style=\"color: #ff00ff;\"><a style=\"color: #ff00ff;\" href=\"http:\/\/ehdokasgalleria.evl.fi\/ehdokasgalleria2016\/galleria\/hkv?emer%5Bpn%5D=nina+bj%C3%B6rkman-nysten&amp;emer%5Bpx7%5D=&amp;emer%5Bpd%5D=&amp;emer%5Bpr%5D=&amp;emer%5Bpp%5D=&amp;emer%5Bpg%5D=&amp;emer%5Bpar%5D=18_99&amp;emer%5Bpk%5D=a_asc&amp;emp=pn-susanne+bj%C3%B6rkman#644\">Nina Bj\u00f6rkman-Nyst\u00e9n, F\u00f6r folkkyrkan, lekman<\/a>, invald<\/span><br \/>\n<a href=\"http:\/\/ehdokasgalleria.evl.fi\/ehdokasgalleria2016\/galleria\/hkv?emer%5Bpn%5D=max+mannola&amp;emer%5Bpx7%5D=&amp;emer%5Bpd%5D=&amp;emer%5Bpr%5D=&amp;emer%5Bpp%5D=&amp;emer%5Bpg%5D=&amp;emer%5Bpar%5D=18_99&amp;emer%5Bpk%5D=a_asc&amp;emp=pn-nina+bj%C3%B6rkman-nysten#656\">Max Mannola, F\u00f6r folkkyrkan, lekman<\/a><br \/>\n<a href=\"http:\/\/ehdokasgalleria.evl.fi\/ehdokasgalleria2016\/galleria\/hkv?emer%5Bpn%5D=heidi+juslin-sandin&amp;emer%5Bpx7%5D=&amp;emer%5Bpd%5D=&amp;emer%5Bpr%5D=&amp;emer%5Bpp%5D=&amp;emer%5Bpg%5D=&amp;emer%5Bpar%5D=18_99&amp;emer%5Bpk%5D=a_asc&amp;emp=pn-max+mannola#649\"><span style=\"color: #ff00ff;\">Heidi Juslin-Sandin, F\u00f6r folkkyrkan, lekman, invald<\/span><br \/>\n<\/a><span style=\"color: #ff00ff;\"><a style=\"color: #ff00ff;\" href=\"http:\/\/ehdokasgalleria.evl.fi\/ehdokasgalleria2016\/galleria\/hkv?emer[pn]=Hedvig+L%C3%A5ngbacka&amp;emer[px7]=1&amp;emer[pd]=5&amp;emer[pr]=&amp;emer[pp]=&amp;emer[pg]=&amp;emer[par]=18_99&amp;emer[pk]=a_asc&amp;emp=pd-5.px7-1#655\">Hedvig L\u00e5ngbacka, F\u00f6r folkkyrkan, lekman<\/a>, invald<\/span><br \/>\n<a href=\"http:\/\/ehdokasgalleria.evl.fi\/ehdokasgalleria2016\/galleria\/hkv?emer[pn]=Jon+Lindeman&amp;emer[px7]=&amp;emer[pd]=&amp;emer[pr]=&amp;emer[pp]=&amp;emer[pg]=&amp;emer[par]=18_99&amp;emer[pk]=a_asc&amp;emp=pn-Hedvig+L%C3%A5ngbacka#689\">Jon Lindeman, Tillsammans f\u00f6r en medm\u00e4nsklig och tj\u00e4nande kyrka, pr\u00e4st<\/a><br \/>\n<span style=\"color: #ff00ff;\"><a style=\"color: #ff00ff;\" href=\"http:\/\/ehdokasgalleria.evl.fi\/ehdokasgalleria2016\/galleria\/hkv?emer[pn]=Mia+B%C3%A4ck&amp;emer[px7]=&amp;emer[pd]=&amp;emer[pr]=&amp;emer[pp]=&amp;emer[pg]=&amp;emer[par]=18_99&amp;emer[pk]=a_asc&amp;emp=pn-Jon+Lindeman#683\">Mia B\u00e4ck, Tillsammans f\u00f6r en medm\u00e4nsklig och tj\u00e4nande kyrka, pr\u00e4st<\/a>, invald<\/span><\/p>\n<p>&nbsp;<\/p>\n","protected":false},"excerpt":{"rendered":"<p>I de stift d\u00e4r Kom alla inte har egna listor g\u00f6r vi reklam f\u00f6r reformv\u00e4nliga kandidater p\u00e5 andra listor. I detta val bedriver vi n\u00e4ra samarbete med n\u00e4tverket F\u00f6r\u00e4ndringens vind, som har bildats i kyrkom\u00f6tet.\u00a0 L\u00e5t oss samla v\u00e5ra krafter i arbetet f\u00f6r kandidater som vill verka f\u00f6r f\u00f6rnyelse! Valet f\u00f6rr\u00e4ttas av de f\u00f6rtroendevalda i [&hellip;]<\/p>\n","protected":false},"author":5,"featured_media":0,"parent":0,"menu_order":0,"comment_status":"closed","ping_status":"closed","template":"","meta":{"site-sidebar-layout":"default","site-content-layout":"","ast-site-content-layout":"default","site-content-style":"default","site-sidebar-style":"default","ast-global-header-display":"","ast-banner-title-visibility":"","ast-main-header-display":"","ast-hfb-above-header-display":"","ast-hfb-below-header-display":"","ast-hfb-mobile-header-display":"","site-post-title":"","ast-breadcrumbs-content":"","ast-featured-img":"","footer-sml-layout":"","ast-disable-related-posts":"","theme-transparent-header-meta":"","adv-header-id-meta":"","stick-header-meta":"","header-above-stick-meta":"","header-main-stick-meta":"","header-below-stick-meta":"","astra-migrate-meta-layouts":"default","ast-page-background-enabled":"default","ast-page-background-meta":{"desktop":{"background-color":"","background-image":"","background-repeat":"repeat","background-position":"center center","background-size":"auto","background-attachment":"scroll","background-type":"","background-media":"","overlay-type":"","overlay-color":"","overlay-opacity":"","overlay-gradient":""},"tablet":{"background-color":"","background-image":"","background-repeat":"repeat","background-position":"center center","background-size":"auto","background-attachment":"scroll","background-type":"","background-media":"","overlay-type":"","overlay-color":"","overlay-opacity":"","overlay-gradient":""},"mobile":{"background-color":"","background-image":"","background-repeat":"repeat","background-position":"center center","background-size":"auto","background-attachment":"scroll","background-type":"","background-media":"","overlay-type":"","overlay-color":"","overlay-opacity":"","overlay-gradient":""}},"ast-content-background-meta":{"desktop":{"background-color":"var(--ast-global-color-5)","background-image":"","background-repeat":"repeat","background-position":"center center","background-size":"auto","background-attachment":"scroll","background-type":"","background-media":"","overlay-type":"","overlay-color":"","overlay-opacity":"","overlay-gradient":""},"tablet":{"background-color":"var(--ast-global-color-5)","background-image":"","background-repeat":"repeat","background-position":"center center","background-size":"auto","background-attachment":"scroll","background-type":"","background-media":"","overlay-type":"","overlay-color":"","overlay-opacity":"","overlay-gradient":""},"mobile":{"background-color":"var(--ast-global-color-5)","background-image":"","background-repeat":"repeat","background-position":"center center","background-size":"auto","background-attachment":"scroll","background-type":"","background-media":"","overlay-type":"","overlay-color":"","overlay-opacity":"","overlay-gradient":""}},"footnotes":""},"class_list":["post-3807","page","type-page","status-publish","hentry"],"_links":{"self":[{"href":"https:\/\/tulkaakaikki.net\/sv\/wp-json\/wp\/v2\/pages\/3807","targetHints":{"allow":["GET"]}}],"collection":[{"href":"https:\/\/tulkaakaikki.net\/sv\/wp-json\/wp\/v2\/pages"}],"about":[{"href":"https:\/\/tulkaakaikki.net\/sv\/wp-json\/wp\/v2\/types\/page"}],"author":[{"embeddable":true,"href":"https:\/\/tulkaakaikki.net\/sv\/wp-json\/wp\/v2\/users\/5"}],"replies":[{"embeddable":true,"href":"https:\/\/tulkaakaikki.net\/sv\/wp-json\/wp\/v2\/comments?post=3807"}],"version-history":[{"count":13,"href":"https:\/\/tulkaakaikki.net\/sv\/wp-json\/wp\/v2\/pages\/3807\/revisions"}],"predecessor-version":[{"id":4208,"href":"https:\/\/tulkaakaikki.net\/sv\/wp-json\/wp\/v2\/pages\/3807\/revisions\/4208"}],"wp:attachment":[{"href":"https:\/\/tulkaakaikki.net\/sv\/wp-json\/wp\/v2\/media?parent=3807"}],"curies":[{"name":"wp","href":"https:\/\/api.w.org\/{rel}","templated":true}]}}