{"id":36,"date":"2013-12-28T20:52:06","date_gmt":"2013-12-28T18:52:06","guid":{"rendered":"http:\/\/109.163.208.140\/~tulkaaka\/wordpress\/?page_id=36"},"modified":"2019-10-03T09:54:55","modified_gmt":"2019-10-03T06:54:55","slug":"hemsida","status":"publish","type":"page","link":"https:\/\/tulkaakaikki.net\/sv\/","title":{"rendered":""},"content":{"rendered":"\n<figure class=\"wp-block-image\"><img loading=\"lazy\" decoding=\"async\" width=\"200\" height=\"200\" src=\"https:\/\/tulkaakaikki.net\/wordpress\/wp-content\/uploads\/2019\/10\/tulkaa_kaikki_sinetti_iso-transparent.png\" alt=\"\" class=\"wp-image-6884\" srcset=\"https:\/\/tulkaakaikki.net\/wordpress\/wp-content\/uploads\/2019\/10\/tulkaa_kaikki_sinetti_iso-transparent.png 200w, https:\/\/tulkaakaikki.net\/wordpress\/wp-content\/uploads\/2019\/10\/tulkaa_kaikki_sinetti_iso-transparent-150x150.png 150w\" sizes=\"auto, (max-width: 200px) 100vw, 200px\" \/><\/figure>\n\n\n\n<p>R\u00f6relsen Kom alla \u00e4r ett n\u00e4tverk av reformvilliga som startade i mars 2005 f\u00f6r att inom kyrkan v\u00e4cka \u00e4rlig diskussion om dess grundl\u00e4ggande uppgift, \u00f6ka \u00f6ppenheten i det kyrkliga beslutsfattandet och bygga broar mellan olikt\u00e4nkande.<br>\n<br><br>\nKristi kyrka \u00e4r till f\u00f6r alla!<\/p>\n","protected":false},"excerpt":{"rendered":"<p>R\u00f6relsen Kom alla \u00e4r ett n\u00e4tverk av reformvilliga som startade i mars 2005 f\u00f6r att inom kyrkan v\u00e4cka \u00e4rlig diskussion om dess grundl\u00e4ggande uppgift, \u00f6ka \u00f6ppenheten i det kyrkliga beslutsfattandet och bygga broar mellan olikt\u00e4nkande. Kristi kyrka \u00e4r till f\u00f6r alla!<\/p>\n","protected":false},"author":5,"featured_media":0,"parent":0,"menu_order":1,"comment_status":"closed","ping_status":"closed","template":"","meta":{"site-sidebar-layout":"default","site-content-layout":"default","ast-site-content-layout":"default","site-content-style":"default","site-sidebar-style":"default","ast-global-header-display":"","ast-banner-title-visibility":"","ast-main-header-display":"","ast-hfb-above-header-display":"","ast-hfb-below-header-display":"","ast-hfb-mobile-header-display":"","site-post-title":"disabled","ast-breadcrumbs-content":"","ast-featured-img":"","footer-sml-layout":"","theme-transparent-header-meta":"default","adv-header-id-meta":"","stick-header-meta":"","header-above-stick-meta":"","header-main-stick-meta":"","header-below-stick-meta":"","astra-migrate-meta-layouts":"default","ast-page-background-enabled":"default","ast-page-background-meta":{"desktop":{"background-color":"","background-image":"","background-repeat":"repeat","background-position":"center center","background-size":"auto","background-attachment":"scroll","background-type":"","background-media":"","overlay-type":"","overlay-color":"","overlay-opacity":"","overlay-gradient":""},"tablet":{"background-color":"","background-image":"","background-repeat":"repeat","background-position":"center center","background-size":"auto","background-attachment":"scroll","background-type":"","background-media":"","overlay-type":"","overlay-color":"","overlay-opacity":"","overlay-gradient":""},"mobile":{"background-color":"","background-image":"","background-repeat":"repeat","background-position":"center center","background-size":"auto","background-attachment":"scroll","background-type":"","background-media":"","overlay-type":"","overlay-color":"","overlay-opacity":"","overlay-gradient":""}},"ast-content-background-meta":{"desktop":{"background-color":"var(--ast-global-color-5)","background-image":"","background-repeat":"repeat","background-position":"center center","background-size":"auto","background-attachment":"scroll","background-type":"","background-media":"","overlay-type":"","overlay-color":"","overlay-opacity":"","overlay-gradient":""},"tablet":{"background-color":"var(--ast-global-color-5)","background-image":"","background-repeat":"repeat","background-position":"center center","background-size":"auto","background-attachment":"scroll","background-type":"","background-media":"","overlay-type":"","overlay-color":"","overlay-opacity":"","overlay-gradient":""},"mobile":{"background-color":"var(--ast-global-color-5)","background-image":"","background-repeat":"repeat","background-position":"center center","background-size":"auto","background-attachment":"scroll","background-type":"","background-media":"","overlay-type":"","overlay-color":"","overlay-opacity":"","overlay-gradient":""}},"footnotes":""},"class_list":["post-36","page","type-page","status-publish","hentry"],"_links":{"self":[{"href":"https:\/\/tulkaakaikki.net\/sv\/wp-json\/wp\/v2\/pages\/36","targetHints":{"allow":["GET"]}}],"collection":[{"href":"https:\/\/tulkaakaikki.net\/sv\/wp-json\/wp\/v2\/pages"}],"about":[{"href":"https:\/\/tulkaakaikki.net\/sv\/wp-json\/wp\/v2\/types\/page"}],"author":[{"embeddable":true,"href":"https:\/\/tulkaakaikki.net\/sv\/wp-json\/wp\/v2\/users\/5"}],"replies":[{"embeddable":true,"href":"https:\/\/tulkaakaikki.net\/sv\/wp-json\/wp\/v2\/comments?post=36"}],"version-history":[{"count":3,"href":"https:\/\/tulkaakaikki.net\/sv\/wp-json\/wp\/v2\/pages\/36\/revisions"}],"predecessor-version":[{"id":6910,"href":"https:\/\/tulkaakaikki.net\/sv\/wp-json\/wp\/v2\/pages\/36\/revisions\/6910"}],"wp:attachment":[{"href":"https:\/\/tulkaakaikki.net\/sv\/wp-json\/wp\/v2\/media?parent=36"}],"curies":[{"name":"wp","href":"https:\/\/api.w.org\/{rel}","templated":true}]}}