{"id":138,"date":"2013-12-30T15:01:02","date_gmt":"2013-12-30T13:01:02","guid":{"rendered":"http:\/\/109.163.208.140\/~tulkaaka\/wordpress\/?page_id=138"},"modified":"2014-03-03T18:44:35","modified_gmt":"2014-03-03T16:44:35","slug":"paverka-i-kyrkan","status":"publish","type":"page","link":"https:\/\/tulkaakaikki.net\/sv\/paverka-i-kyrkan\/","title":{"rendered":"P\u00e5verka i kyrkan"},"content":{"rendered":"<p>Kyrkom\u00f6tet behandlar \u00e4renden som g\u00e4ller kyrkans l\u00e4ra och arbete samt kyrkans lagstiftning, f\u00f6rvaltning och ekonomi. Kyrkom\u00f6tet best\u00e5r av biskoparna och 96 stiftsvis valda ombud, av vilka 32 \u00e4r pr\u00e4ster och 64 lekm\u00e4n. Dessutom h\u00f6r till kyrkom\u00f6tet en f\u00f6retr\u00e4dare f\u00f6r statsr\u00e5det, f\u00e4ltbiskopen och ett ombud f\u00f6r samerna. Totalantalet ombud \u00e4r 109.<\/p>\n<p>Kyrkom\u00f6tets verksamhetsperiod \u00e4r fyra \u00e5r. Kyrkom\u00f6tet samlas tv\u00e5 g\u00e5nger i \u00e5ret f\u00f6r en vecka i s\u00e4nder, i maj och november. Kyrkom\u00f6tesombuden verkar i utskott, som samlas ocks\u00e5 mellan sessionsveckorna.<\/p>\n<p>Kyrkom\u00f6tets viktigaste uppgifter \u00e4r att:<\/p>\n<ul>\n<li>anta bibel\u00f6vers\u00e4ttningar, den kristna l\u00e4ran, psalmboken, kyrkohandboken och m\u00e4ssmelodierna<\/li>\n<li>behandla fr\u00e5gor som g\u00e4ller kyrkans tro och l\u00e4ra<\/li>\n<li>g\u00f6ra f\u00f6rslag till riksdagen om stiftande, \u00e4ndring och upph\u00e4vande av kyrkolagen<\/li>\n<li>godk\u00e4nna kyrkoordningen<\/li>\n<li>godk\u00e4nna kyrkans valordning<\/li>\n<li>fastst\u00e4lla budgeten f\u00f6r kyrkans centralfond och besluta hur mycket f\u00f6rsamlingarna \u00e5rligen skall betala till centralfronden<\/li>\n<li>besluta om inr\u00e4ttande av stift eller \u00e4ndring av dess gr\u00e4nser<\/li>\n<li>besluta om kyrkans relationer till andra kyrkor, religi\u00f6sa samfund och mellankyrkliga organisationer samt samarbetet med dem<\/li>\n<li>inr\u00e4tta och indra \u00e4rkebiskops-, biskops- och ecklesiastikr\u00e5dstj\u00e4nster<\/li>\n<li>v\u00e4lja ecklesiastikr\u00e5d och andra ledam\u00f6ter i kyrkostyrelsen<\/li>\n<\/ul>\n<p>L\u00e4s mera om kyrkom\u00f6tets beslut p\u00e5 webbplatsen<a href=\"http:\/\/sakasti.evl.fi\/sacrista.nsf\/sp2?open&amp;cid=ContentB30F7\"> Sacrista<\/a>.<\/p>\n","protected":false},"excerpt":{"rendered":"<p>Kyrkom\u00f6tet behandlar \u00e4renden som g\u00e4ller kyrkans l\u00e4ra och arbete samt kyrkans lagstiftning, f\u00f6rvaltning och ekonomi. Kyrkom\u00f6tet best\u00e5r av biskoparna och 96 stiftsvis valda ombud, av vilka 32 \u00e4r pr\u00e4ster och 64 lekm\u00e4n. Dessutom h\u00f6r till kyrkom\u00f6tet en f\u00f6retr\u00e4dare f\u00f6r statsr\u00e5det, f\u00e4ltbiskopen och ett ombud f\u00f6r samerna. Totalantalet ombud \u00e4r 109. Kyrkom\u00f6tets verksamhetsperiod \u00e4r fyra \u00e5r. [&hellip;]<\/p>\n","protected":false},"author":5,"featured_media":0,"parent":0,"menu_order":3,"comment_status":"closed","ping_status":"closed","template":"","meta":{"site-sidebar-layout":"default","site-content-layout":"","ast-site-content-layout":"default","site-content-style":"default","site-sidebar-style":"default","ast-global-header-display":"","ast-banner-title-visibility":"","ast-main-header-display":"","ast-hfb-above-header-display":"","ast-hfb-below-header-display":"","ast-hfb-mobile-header-display":"","site-post-title":"","ast-breadcrumbs-content":"","ast-featured-img":"","footer-sml-layout":"","ast-disable-related-posts":"","theme-transparent-header-meta":"","adv-header-id-meta":"","stick-header-meta":"","header-above-stick-meta":"","header-main-stick-meta":"","header-below-stick-meta":"","astra-migrate-meta-layouts":"default","ast-page-background-enabled":"default","ast-page-background-meta":{"desktop":{"background-color":"","background-image":"","background-repeat":"repeat","background-position":"center center","background-size":"auto","background-attachment":"scroll","background-type":"","background-media":"","overlay-type":"","overlay-color":"","overlay-opacity":"","overlay-gradient":""},"tablet":{"background-color":"","background-image":"","background-repeat":"repeat","background-position":"center center","background-size":"auto","background-attachment":"scroll","background-type":"","background-media":"","overlay-type":"","overlay-color":"","overlay-opacity":"","overlay-gradient":""},"mobile":{"background-color":"","background-image":"","background-repeat":"repeat","background-position":"center center","background-size":"auto","background-attachment":"scroll","background-type":"","background-media":"","overlay-type":"","overlay-color":"","overlay-opacity":"","overlay-gradient":""}},"ast-content-background-meta":{"desktop":{"background-color":"var(--ast-global-color-5)","background-image":"","background-repeat":"repeat","background-position":"center center","background-size":"auto","background-attachment":"scroll","background-type":"","background-media":"","overlay-type":"","overlay-color":"","overlay-opacity":"","overlay-gradient":""},"tablet":{"background-color":"var(--ast-global-color-5)","background-image":"","background-repeat":"repeat","background-position":"center center","background-size":"auto","background-attachment":"scroll","background-type":"","background-media":"","overlay-type":"","overlay-color":"","overlay-opacity":"","overlay-gradient":""},"mobile":{"background-color":"var(--ast-global-color-5)","background-image":"","background-repeat":"repeat","background-position":"center center","background-size":"auto","background-attachment":"scroll","background-type":"","background-media":"","overlay-type":"","overlay-color":"","overlay-opacity":"","overlay-gradient":""}},"footnotes":""},"class_list":["post-138","page","type-page","status-publish","hentry"],"_links":{"self":[{"href":"https:\/\/tulkaakaikki.net\/sv\/wp-json\/wp\/v2\/pages\/138","targetHints":{"allow":["GET"]}}],"collection":[{"href":"https:\/\/tulkaakaikki.net\/sv\/wp-json\/wp\/v2\/pages"}],"about":[{"href":"https:\/\/tulkaakaikki.net\/sv\/wp-json\/wp\/v2\/types\/page"}],"author":[{"embeddable":true,"href":"https:\/\/tulkaakaikki.net\/sv\/wp-json\/wp\/v2\/users\/5"}],"replies":[{"embeddable":true,"href":"https:\/\/tulkaakaikki.net\/sv\/wp-json\/wp\/v2\/comments?post=138"}],"version-history":[{"count":3,"href":"https:\/\/tulkaakaikki.net\/sv\/wp-json\/wp\/v2\/pages\/138\/revisions"}],"predecessor-version":[{"id":661,"href":"https:\/\/tulkaakaikki.net\/sv\/wp-json\/wp\/v2\/pages\/138\/revisions\/661"}],"wp:attachment":[{"href":"https:\/\/tulkaakaikki.net\/sv\/wp-json\/wp\/v2\/media?parent=138"}],"curies":[{"name":"wp","href":"https:\/\/api.w.org\/{rel}","templated":true}]}}