{"id":136,"date":"2013-12-30T15:00:25","date_gmt":"2013-12-30T13:00:25","guid":{"rendered":"http:\/\/109.163.208.140\/~tulkaaka\/wordpress\/?page_id=136"},"modified":"2014-03-03T18:25:35","modified_gmt":"2014-03-03T16:25:35","slug":"paverka-i-forsamlingen","status":"publish","type":"page","link":"https:\/\/tulkaakaikki.net\/sv\/paverka-i-forsamlingen\/","title":{"rendered":"P\u00e5verka i f\u00f6rsamlingen"},"content":{"rendered":"<p>De f\u00f6rtroendevalda som utses i f\u00f6rsamlingsvalet besluter om mycket i f\u00f6rsamlingarna och kyrkan. Genom att r\u00f6sta i f\u00f6rsamlingsvalet kan du p\u00e5verka verksamheten i din egen f\u00f6rsamling och hela kyrkan!<\/p>\n<p>F\u00f6rsamlingsval h\u00e5lls n\u00e4sta g\u00e5ng i november 2014. R\u00f6str\u00e4tt i f\u00f6rsamlingsvalet har alla medlemmar i den evangelisk-lutherska kyrkan som fyller 16 \u00e5r senast p\u00e5 valdagen.<\/p>\n<p>I f\u00f6rsamlingar som h\u00f6r till en kyrklig samf\u00e4llighet f\u00f6rr\u00e4ttas tv\u00e5 val samtidigt. Man v\u00e4ljer f\u00f6rsamlingsr\u00e5d i varje enskild f\u00f6rsamling och gemensamt kyrkofullm\u00e4ktige i samf\u00e4lligheten.<\/p>\n<p>De f\u00f6rtroendevalda i f\u00f6rsamlingen:<\/p>\n<ul>\n<li>besluter om tyngdpunkterna i f\u00f6rsamlingens verksamhet<\/li>\n<li>deltar i planeringen av den kyrkliga samf\u00e4llighetens verksamhet och ekonomi<\/li>\n<li>besluter om kyrkoskatteprocenten och hur de kyrkliga skattemedlen anv\u00e4nds<\/li>\n<li>v\u00e4ljer andra f\u00f6rtroendepersoner i f\u00f6rsamlingen eller samf\u00e4lligheten, t.ex. medlemmarna i kyrkor\u00e5d och direktioner<\/li>\n<li>besluter om att bygga eller reparera kyrkan eller andra f\u00f6rsamlingsutrymmen<\/li>\n<li>p\u00e5verkar hur kyrkans och f\u00f6rsamlingsens kulturarv bevaras<\/li>\n<li>p\u00e5verkar inneh\u00e5llet i f\u00f6rsamlingens tj\u00e4nster och uppgifter och valet av anst\u00e4llda<\/li>\n<li>p\u00e5verkar hur f\u00f6rsamlingens frivilligarbete utvecklas<\/li>\n<li>besluter om samarbetet med andra f\u00f6rsamlingar, kommun och organisationer<\/li>\n<li>p\u00e5verkar f\u00f6rsamlingens kommunikation<\/li>\n<li>v\u00e4ljer kyrkom\u00f6tesombud, en del av de f\u00f6rtroendevalda har r\u00f6str\u00e4tt ocks\u00e5 i biskopsval<\/li>\n<\/ul>\n<p>Eftersom de f\u00f6rtroendevalda i f\u00f6rsamlingarna v\u00e4ljer ombuden i \u201dkyrkans riksdag\u201d dvs. kyrkom\u00f6tet b\u00f6rjar hela kyrkans f\u00f6r\u00e4ndring i f\u00f6rsamlingsvalet! Kyrkom\u00f6tet besluter om kyrkans l\u00e4ra, lagstiftning, ekonomi och f\u00f6rvaltning. F\u00f6rsamlingens f\u00f6rtroendevalda deltar ocks\u00e5 i val av biskop.<\/p>\n","protected":false},"excerpt":{"rendered":"<p>De f\u00f6rtroendevalda som utses i f\u00f6rsamlingsvalet besluter om mycket i f\u00f6rsamlingarna och kyrkan. Genom att r\u00f6sta i f\u00f6rsamlingsvalet kan du p\u00e5verka verksamheten i din egen f\u00f6rsamling och hela kyrkan! F\u00f6rsamlingsval h\u00e5lls n\u00e4sta g\u00e5ng i november 2014. R\u00f6str\u00e4tt i f\u00f6rsamlingsvalet har alla medlemmar i den evangelisk-lutherska kyrkan som fyller 16 \u00e5r senast p\u00e5 valdagen. I f\u00f6rsamlingar [&hellip;]<\/p>\n","protected":false},"author":5,"featured_media":0,"parent":0,"menu_order":2,"comment_status":"closed","ping_status":"closed","template":"template-content-sidebar.php","meta":{"site-sidebar-layout":"default","site-content-layout":"","ast-site-content-layout":"default","site-content-style":"default","site-sidebar-style":"default","ast-global-header-display":"","ast-banner-title-visibility":"","ast-main-header-display":"","ast-hfb-above-header-display":"","ast-hfb-below-header-display":"","ast-hfb-mobile-header-display":"","site-post-title":"","ast-breadcrumbs-content":"","ast-featured-img":"","footer-sml-layout":"","theme-transparent-header-meta":"","adv-header-id-meta":"","stick-header-meta":"","header-above-stick-meta":"","header-main-stick-meta":"","header-below-stick-meta":"","astra-migrate-meta-layouts":"default","ast-page-background-enabled":"default","ast-page-background-meta":{"desktop":{"background-color":"","background-image":"","background-repeat":"repeat","background-position":"center center","background-size":"auto","background-attachment":"scroll","background-type":"","background-media":"","overlay-type":"","overlay-color":"","overlay-opacity":"","overlay-gradient":""},"tablet":{"background-color":"","background-image":"","background-repeat":"repeat","background-position":"center center","background-size":"auto","background-attachment":"scroll","background-type":"","background-media":"","overlay-type":"","overlay-color":"","overlay-opacity":"","overlay-gradient":""},"mobile":{"background-color":"","background-image":"","background-repeat":"repeat","background-position":"center center","background-size":"auto","background-attachment":"scroll","background-type":"","background-media":"","overlay-type":"","overlay-color":"","overlay-opacity":"","overlay-gradient":""}},"ast-content-background-meta":{"desktop":{"background-color":"var(--ast-global-color-5)","background-image":"","background-repeat":"repeat","background-position":"center center","background-size":"auto","background-attachment":"scroll","background-type":"","background-media":"","overlay-type":"","overlay-color":"","overlay-opacity":"","overlay-gradient":""},"tablet":{"background-color":"var(--ast-global-color-5)","background-image":"","background-repeat":"repeat","background-position":"center center","background-size":"auto","background-attachment":"scroll","background-type":"","background-media":"","overlay-type":"","overlay-color":"","overlay-opacity":"","overlay-gradient":""},"mobile":{"background-color":"var(--ast-global-color-5)","background-image":"","background-repeat":"repeat","background-position":"center center","background-size":"auto","background-attachment":"scroll","background-type":"","background-media":"","overlay-type":"","overlay-color":"","overlay-opacity":"","overlay-gradient":""}},"footnotes":""},"class_list":["post-136","page","type-page","status-publish","hentry"],"_links":{"self":[{"href":"https:\/\/tulkaakaikki.net\/sv\/wp-json\/wp\/v2\/pages\/136","targetHints":{"allow":["GET"]}}],"collection":[{"href":"https:\/\/tulkaakaikki.net\/sv\/wp-json\/wp\/v2\/pages"}],"about":[{"href":"https:\/\/tulkaakaikki.net\/sv\/wp-json\/wp\/v2\/types\/page"}],"author":[{"embeddable":true,"href":"https:\/\/tulkaakaikki.net\/sv\/wp-json\/wp\/v2\/users\/5"}],"replies":[{"embeddable":true,"href":"https:\/\/tulkaakaikki.net\/sv\/wp-json\/wp\/v2\/comments?post=136"}],"version-history":[{"count":2,"href":"https:\/\/tulkaakaikki.net\/sv\/wp-json\/wp\/v2\/pages\/136\/revisions"}],"predecessor-version":[{"id":659,"href":"https:\/\/tulkaakaikki.net\/sv\/wp-json\/wp\/v2\/pages\/136\/revisions\/659"}],"wp:attachment":[{"href":"https:\/\/tulkaakaikki.net\/sv\/wp-json\/wp\/v2\/media?parent=136"}],"curies":[{"name":"wp","href":"https:\/\/api.w.org\/{rel}","templated":true}]}}