{"id":134,"date":"2013-12-30T14:58:39","date_gmt":"2013-12-30T12:58:39","guid":{"rendered":"http:\/\/109.163.208.140\/~tulkaaka\/wordpress\/?page_id=134"},"modified":"2019-10-03T09:55:42","modified_gmt":"2019-10-03T06:55:42","slug":"rorelsen-kom-alla-paverkar","status":"publish","type":"page","link":"https:\/\/tulkaakaikki.net\/sv\/rorelsen-kom-alla-paverkar\/","title":{"rendered":"R\u00f6relsen Kom alla p\u00e5verkar"},"content":{"rendered":"<p>R\u00f6relsen Kom alla \u00e4r att f\u00f6renande band f\u00f6r de medlemmar och v\u00e4nner till kyrkan som tror att kyrkan m\u00e5ste f\u00f6rnyas f\u00f6r att kunna fylla sin uppgift. R\u00f6relsen \u00e4r \u00f6ppen f\u00f6r alla som vill verka f\u00f6r de principer som finns nedskrivana i <a title=\"Program\" href=\"https:\/\/tulkaakaikki.net\/wordpress\/sv\/program\/\">programmet<\/a>. Man kan bli medlem i Kom alla genom att skriva under programmet.<\/p>\n<p>R\u00f6relsen Kom alla verkar med hj\u00e4lp av sin webbplats, en sida p\u00e5 Facebook och e-postbrev. Vi samlas tv\u00e5 g\u00e5nger per \u00e5r till tematr\u00e4ffar f\u00f6r att l\u00e4ra oss nytt och samtala. R\u00f6relsens verksamhet leds av en aktionsgrupp som samlas i Helsingfors. Ta kontakt med koordinatorn f\u00f6r aktionsgruppen om du \u00e4r intresserad av att delta i gruppens arbete. F\u00f6r lokal verksamhet har vi ett n\u00e4tverk av kontaktpersoner i stiften.<\/p>\n<p>Medlemmarna i Kom alla \u00e4r vanliga f\u00f6rsamlingsbor. Medlemmar i r\u00f6relsen verkar ocks\u00e5 i f\u00f6rsamlingsr\u00e5d, kyrkofullm\u00e4ktige, kyrkor\u00e5d och stiftsfullm\u00e4ktige p\u00e5 olika h\u00e5ll i Finland. V\u00e5r r\u00f6relse har ocks\u00e5 f\u00f6retr\u00e4dare ocks\u00e5 i kyrkom\u00f6tet. I v\u00e5rt n\u00e4tverk finns b\u00e5de medlemmar i olika partier och partipolitiskt obundna kyrkliga p\u00e5verkare.<\/p>\n<p>V\u00e5r r\u00f6relses f\u00f6rsta m\u00e5l var f\u00f6rsamlingsvalet 2006. I f\u00f6rsamlingsvalet fick reformv\u00e4nliga sin r\u00f6st h\u00f6rd i f\u00f6rsamlingarnas beslutsfattande. Resultatet i f\u00f6rsamlingsvalet avg\u00f6r riktningen f\u00f6r kyrkans utveckling. Ocks\u00e5 valet av kyrkom\u00f6te och stiftsfullm\u00e4ktige i februari 2008 pekade p\u00e5 f\u00f6rnyelse. F\u00f6rsamlingsvalet 2010 var en stor framg\u00e5ng f\u00f6r de reformv\u00e4nliga. I valet av kyrkom\u00f6te och stiftsfullm\u00e4ktige 2012 bef\u00e4sta de reformv\u00e4nliga sin st\u00e4llning speciellt i s\u00f6dra Finland.<\/p>\n","protected":false},"excerpt":{"rendered":"<p>R\u00f6relsen Kom alla \u00e4r att f\u00f6renande band f\u00f6r de medlemmar och v\u00e4nner till kyrkan som tror att kyrkan m\u00e5ste f\u00f6rnyas f\u00f6r att kunna fylla sin uppgift. R\u00f6relsen \u00e4r \u00f6ppen f\u00f6r alla som vill verka f\u00f6r de principer som finns nedskrivana i programmet. Man kan bli medlem i Kom alla genom att skriva under programmet. R\u00f6relsen [&hellip;]<\/p>\n","protected":false},"author":5,"featured_media":0,"parent":0,"menu_order":0,"comment_status":"closed","ping_status":"closed","template":"","meta":{"site-sidebar-layout":"default","site-content-layout":"default","ast-site-content-layout":"default","site-content-style":"default","site-sidebar-style":"default","ast-global-header-display":"","ast-banner-title-visibility":"","ast-main-header-display":"","ast-hfb-above-header-display":"","ast-hfb-below-header-display":"","ast-hfb-mobile-header-display":"","site-post-title":"","ast-breadcrumbs-content":"","ast-featured-img":"","footer-sml-layout":"","ast-disable-related-posts":"","theme-transparent-header-meta":"default","adv-header-id-meta":"","stick-header-meta":"","header-above-stick-meta":"","header-main-stick-meta":"","header-below-stick-meta":"","astra-migrate-meta-layouts":"default","ast-page-background-enabled":"default","ast-page-background-meta":{"desktop":{"background-color":"","background-image":"","background-repeat":"repeat","background-position":"center center","background-size":"auto","background-attachment":"scroll","background-type":"","background-media":"","overlay-type":"","overlay-color":"","overlay-opacity":"","overlay-gradient":""},"tablet":{"background-color":"","background-image":"","background-repeat":"repeat","background-position":"center center","background-size":"auto","background-attachment":"scroll","background-type":"","background-media":"","overlay-type":"","overlay-color":"","overlay-opacity":"","overlay-gradient":""},"mobile":{"background-color":"","background-image":"","background-repeat":"repeat","background-position":"center center","background-size":"auto","background-attachment":"scroll","background-type":"","background-media":"","overlay-type":"","overlay-color":"","overlay-opacity":"","overlay-gradient":""}},"ast-content-background-meta":{"desktop":{"background-color":"var(--ast-global-color-5)","background-image":"","background-repeat":"repeat","background-position":"center center","background-size":"auto","background-attachment":"scroll","background-type":"","background-media":"","overlay-type":"","overlay-color":"","overlay-opacity":"","overlay-gradient":""},"tablet":{"background-color":"var(--ast-global-color-5)","background-image":"","background-repeat":"repeat","background-position":"center center","background-size":"auto","background-attachment":"scroll","background-type":"","background-media":"","overlay-type":"","overlay-color":"","overlay-opacity":"","overlay-gradient":""},"mobile":{"background-color":"var(--ast-global-color-5)","background-image":"","background-repeat":"repeat","background-position":"center center","background-size":"auto","background-attachment":"scroll","background-type":"","background-media":"","overlay-type":"","overlay-color":"","overlay-opacity":"","overlay-gradient":""}},"footnotes":""},"class_list":["post-134","page","type-page","status-publish","hentry"],"_links":{"self":[{"href":"https:\/\/tulkaakaikki.net\/sv\/wp-json\/wp\/v2\/pages\/134","targetHints":{"allow":["GET"]}}],"collection":[{"href":"https:\/\/tulkaakaikki.net\/sv\/wp-json\/wp\/v2\/pages"}],"about":[{"href":"https:\/\/tulkaakaikki.net\/sv\/wp-json\/wp\/v2\/types\/page"}],"author":[{"embeddable":true,"href":"https:\/\/tulkaakaikki.net\/sv\/wp-json\/wp\/v2\/users\/5"}],"replies":[{"embeddable":true,"href":"https:\/\/tulkaakaikki.net\/sv\/wp-json\/wp\/v2\/comments?post=134"}],"version-history":[{"count":3,"href":"https:\/\/tulkaakaikki.net\/sv\/wp-json\/wp\/v2\/pages\/134\/revisions"}],"predecessor-version":[{"id":6911,"href":"https:\/\/tulkaakaikki.net\/sv\/wp-json\/wp\/v2\/pages\/134\/revisions\/6911"}],"wp:attachment":[{"href":"https:\/\/tulkaakaikki.net\/sv\/wp-json\/wp\/v2\/media?parent=134"}],"curies":[{"name":"wp","href":"https:\/\/api.w.org\/{rel}","templated":true}]}}