{"id":121,"date":"2013-12-30T14:50:06","date_gmt":"2013-12-30T12:50:06","guid":{"rendered":"http:\/\/109.163.208.140\/~tulkaaka\/wordpress\/?page_id=121"},"modified":"2018-05-25T16:39:05","modified_gmt":"2018-05-25T13:39:05","slug":"underteckna-och-kom-med","status":"publish","type":"page","link":"https:\/\/tulkaakaikki.net\/sv\/program\/underteckna-och-kom-med\/","title":{"rendered":"Underteckna och kom med"},"content":{"rendered":"<p>Om du underst\u00f6der v\u00e5ra m\u00e5ls\u00e4ttningar, kan du underteckna v\u00e5rt program.<\/p>\n<p>Fyll i e-postadressen, om du vill f\u00e5 mera information om v\u00e5r r\u00f6relse. Ange ocks\u00e5 f\u00f6rsamling om du \u00e4r intresserad av att verka f\u00f6r en f\u00f6rnyelse av din f\u00f6rsamling. E-postadressen och f\u00f6rsamlingen offentligg\u00f6rs inte i samband med underskriften p\u00e5 n\u00e4tet. \u00c5tminstone de f\u00e4lt som \u00e4r utm\u00e4rkta med stj\u00e4rna (*) b\u00f6r ifyllas.<\/p>\n<p>&nbsp;<\/p>\n\n<p>[ssba_hide]<\/p>\n","protected":false},"excerpt":{"rendered":"<p>Om du underst\u00f6der v\u00e5ra m\u00e5ls\u00e4ttningar, kan du underteckna v\u00e5rt program. Fyll i e-postadressen, om du vill f\u00e5 mera information om v\u00e5r r\u00f6relse. Ange ocks\u00e5 f\u00f6rsamling om du \u00e4r intresserad av att verka f\u00f6r en f\u00f6rnyelse av din f\u00f6rsamling. E-postadressen och f\u00f6rsamlingen offentligg\u00f6rs inte i samband med underskriften p\u00e5 n\u00e4tet. \u00c5tminstone de f\u00e4lt som \u00e4r utm\u00e4rkta [&hellip;]<\/p>\n","protected":false},"author":5,"featured_media":0,"parent":64,"menu_order":0,"comment_status":"closed","ping_status":"closed","template":"","meta":{"site-sidebar-layout":"default","site-content-layout":"","ast-site-content-layout":"default","site-content-style":"default","site-sidebar-style":"default","ast-global-header-display":"","ast-banner-title-visibility":"","ast-main-header-display":"","ast-hfb-above-header-display":"","ast-hfb-below-header-display":"","ast-hfb-mobile-header-display":"","site-post-title":"","ast-breadcrumbs-content":"","ast-featured-img":"","footer-sml-layout":"","ast-disable-related-posts":"","theme-transparent-header-meta":"","adv-header-id-meta":"","stick-header-meta":"","header-above-stick-meta":"","header-main-stick-meta":"","header-below-stick-meta":"","astra-migrate-meta-layouts":"default","ast-page-background-enabled":"default","ast-page-background-meta":{"desktop":{"background-color":"","background-image":"","background-repeat":"repeat","background-position":"center center","background-size":"auto","background-attachment":"scroll","background-type":"","background-media":"","overlay-type":"","overlay-color":"","overlay-opacity":"","overlay-gradient":""},"tablet":{"background-color":"","background-image":"","background-repeat":"repeat","background-position":"center center","background-size":"auto","background-attachment":"scroll","background-type":"","background-media":"","overlay-type":"","overlay-color":"","overlay-opacity":"","overlay-gradient":""},"mobile":{"background-color":"","background-image":"","background-repeat":"repeat","background-position":"center center","background-size":"auto","background-attachment":"scroll","background-type":"","background-media":"","overlay-type":"","overlay-color":"","overlay-opacity":"","overlay-gradient":""}},"ast-content-background-meta":{"desktop":{"background-color":"var(--ast-global-color-5)","background-image":"","background-repeat":"repeat","background-position":"center center","background-size":"auto","background-attachment":"scroll","background-type":"","background-media":"","overlay-type":"","overlay-color":"","overlay-opacity":"","overlay-gradient":""},"tablet":{"background-color":"var(--ast-global-color-5)","background-image":"","background-repeat":"repeat","background-position":"center center","background-size":"auto","background-attachment":"scroll","background-type":"","background-media":"","overlay-type":"","overlay-color":"","overlay-opacity":"","overlay-gradient":""},"mobile":{"background-color":"var(--ast-global-color-5)","background-image":"","background-repeat":"repeat","background-position":"center center","background-size":"auto","background-attachment":"scroll","background-type":"","background-media":"","overlay-type":"","overlay-color":"","overlay-opacity":"","overlay-gradient":""}},"footnotes":""},"class_list":["post-121","page","type-page","status-publish","hentry"],"_links":{"self":[{"href":"https:\/\/tulkaakaikki.net\/sv\/wp-json\/wp\/v2\/pages\/121","targetHints":{"allow":["GET"]}}],"collection":[{"href":"https:\/\/tulkaakaikki.net\/sv\/wp-json\/wp\/v2\/pages"}],"about":[{"href":"https:\/\/tulkaakaikki.net\/sv\/wp-json\/wp\/v2\/types\/page"}],"author":[{"embeddable":true,"href":"https:\/\/tulkaakaikki.net\/sv\/wp-json\/wp\/v2\/users\/5"}],"replies":[{"embeddable":true,"href":"https:\/\/tulkaakaikki.net\/sv\/wp-json\/wp\/v2\/comments?post=121"}],"version-history":[{"count":6,"href":"https:\/\/tulkaakaikki.net\/sv\/wp-json\/wp\/v2\/pages\/121\/revisions"}],"predecessor-version":[{"id":1321,"href":"https:\/\/tulkaakaikki.net\/sv\/wp-json\/wp\/v2\/pages\/121\/revisions\/1321"}],"up":[{"embeddable":true,"href":"https:\/\/tulkaakaikki.net\/sv\/wp-json\/wp\/v2\/pages\/64"}],"wp:attachment":[{"href":"https:\/\/tulkaakaikki.net\/sv\/wp-json\/wp\/v2\/media?parent=121"}],"curies":[{"name":"wp","href":"https:\/\/api.w.org\/{rel}","templated":true}]}}